{"id":360,"date":"2021-04-02T08:10:53","date_gmt":"2021-04-02T08:10:53","guid":{"rendered":"https:\/\/chemart.it\/privacy-policy\/"},"modified":"2022-01-26T16:42:14","modified_gmt":"2022-01-26T16:42:14","slug":"privacy-e-cookie-policy","status":"publish","type":"page","link":"https:\/\/chemart.it\/en\/privacy-e-cookie-policy\/","title":{"rendered":"Privacy e Cookie Policy"},"content":{"rendered":"\t\t<div data-elementor-type=\"wp-page\" data-elementor-id=\"360\" class=\"elementor elementor-360 elementor-3\" data-elementor-post-type=\"page\">\n\t\t\t\t\t\t<section data-particle_enable=\"false\" data-particle-mobile-disabled=\"false\" class=\"elementor-section elementor-top-section elementor-element elementor-element-3443234e elementor-section-boxed elementor-section-height-default elementor-section-height-default\" data-id=\"3443234e\" data-element_type=\"section\" data-e-type=\"section\">\n\t\t\t\t\t\t<div class=\"elementor-container elementor-column-gap-default\">\n\t\t\t\t\t<div class=\"elementor-column elementor-col-100 elementor-top-column elementor-element elementor-element-3cc5ffb1\" data-id=\"3cc5ffb1\" data-element_type=\"column\" data-e-type=\"column\">\n\t\t\t<div class=\"elementor-widget-wrap\">\n\t\t\t\t\t\t\t<\/div>\n\t\t<\/div>\n\t\t\t\t\t<\/div>\n\t\t<\/section>\n\t\t\t\t<section data-particle_enable=\"false\" data-particle-mobile-disabled=\"false\" class=\"elementor-section elementor-top-section elementor-element elementor-element-475eb06c elementor-section-content-middle elementor-section-boxed elementor-section-height-default elementor-section-height-default\" data-id=\"475eb06c\" data-element_type=\"section\" data-e-type=\"section\">\n\t\t\t\t\t\t<div class=\"elementor-container elementor-column-gap-no\">\n\t\t\t\t\t<div class=\"elementor-column elementor-col-100 elementor-top-column elementor-element elementor-element-40d3e2ad\" data-id=\"40d3e2ad\" data-element_type=\"column\" data-e-type=\"column\">\n\t\t\t<div class=\"elementor-widget-wrap elementor-element-populated\">\n\t\t\t\t\t\t<div class=\"elementor-element elementor-element-425fd90 elementor-widget elementor-widget-heading\" data-id=\"425fd90\" data-element_type=\"widget\" data-e-type=\"widget\" data-widget_type=\"heading.default\">\n\t\t\t\t<div class=\"elementor-widget-container\">\n\t\t\t\t\t<h4 class=\"elementor-heading-title elementor-size-default\">Privacy policy<\/h4>\t\t\t\t<\/div>\n\t\t\t\t<\/div>\n\t\t\t\t<div class=\"elementor-element elementor-element-36f3bad elementor-widget elementor-widget-text-editor\" data-id=\"36f3bad\" data-element_type=\"widget\" data-e-type=\"widget\" data-widget_type=\"text-editor.default\">\n\t\t\t\t<div class=\"elementor-widget-container\">\n\t\t\t\t\t\t\t\t\t<p>Il presente sito Web \u00e8 propriet\u00e0 de <strong>CHEMART DI MAURIZIO FOGAZZI<\/strong>\u00a0ed utilizza cookies per rendere i propri servizi semplici e efficienti per l\u2019utenza che visiona le pagine di <strong>chemart.it<\/strong>. La presente informativa fornisce indicazioni su come sono utilizzati i cookies sul nostro sito web e su come possono essere controllati dall\u2019utente. Questa informativa sull\u2019utilizzo dei cookies sul sito <strong>chemart.it<\/strong>\u00a0\u00e8 resa all\u2019utente in attuazione del provvedimento del Garante per la protezione dei dati personali dell\u20198 maggio 2014 \u201d Individuazione delle modalit\u00e0 semplificate per l\u2019informativa e l\u2019acquisizione del consenso per l\u2019uso dei cookie\u201d e nel rispetto dell\u2019art. 13 del Reg. (UE) 2016\/679.<\/p><p>Ci preoccupiamo della tua privacy e crediamo nella trasparenza. Ecco perch\u00e9 ci impegniamo a essere chiari riguardo alle nostre pratiche sulla privacy e a fornire impostazioni che ti consentano di scegliere in che modo vengano utilizzate determinate informazioni. Questa informativa fornisce informazioni su come e quando utilizziamo i cookie. Come descritto nella nostra Informativa sulla Privacy e in conformit\u00e0 con le sue disposizioni, utilizziamo cookie, web beacon e tecnologie simili per identificarti e raccogliere informazioni che ci consentano di abilitare determinate funzionalit\u00e0 sul nostro sito, per consentirti di accedere al tuo account, analizzare il traffico e l\u2019utilizzo del sito e personalizzare contenuti e annunci.<\/p><p><strong>Il tuo Consenso (aggiornato al 10.01.22)<\/strong><\/p><p>Quando visiti per la prima volta il nostro sito, ti verranno presentati un Avviso sui Cookie e una finestra pop-up che ti consentiranno di trovare un elenco delle diverse categorie o un elenco di fornitori che li servono, e di scegliere quali tipi di cookie desideri che il nostro Sito utilizzi. Navigando sul nostro sito, chiudendo il messaggio di Avviso sui Cookie o facendo clic su \u201cAccetta tutti i Cookie\u201d in esso, accetti il nostro utilizzo di cookie, web beacon e tecnologie simili come descritto nel presente documento e nella nostra Informativa sulla Privacy. Puoi decidere di ritirare il tuo consenso in qualsiasi momento. Puoi gestire le tue preferenze relative ai Cookie modificandole nello strumento pop-up \u201cImpostazioni Cookie\u201d sul nostro sito.<\/p>\t\t\t\t\t\t\t\t<\/div>\n\t\t\t\t<\/div>\n\t\t\t\t<div class=\"elementor-element elementor-element-bc5c025 elementor-widget elementor-widget-toggle\" data-id=\"bc5c025\" data-element_type=\"widget\" data-e-type=\"widget\" data-widget_type=\"toggle.default\">\n\t\t\t\t<div class=\"elementor-widget-container\">\n\t\t\t\t\t\t\t<div class=\"elementor-toggle\">\n\t\t\t\t\t\t\t<div class=\"elementor-toggle-item\">\n\t\t\t\t\t<div id=\"elementor-tab-title-1971\" class=\"elementor-tab-title\" data-tab=\"1\" role=\"button\" aria-controls=\"elementor-tab-content-1971\" aria-expanded=\"false\">\n\t\t\t\t\t\t\t\t\t\t\t\t<span class=\"elementor-toggle-icon elementor-toggle-icon-left\" aria-hidden=\"true\">\n\t\t\t\t\t\t\t\t\t\t\t\t\t\t\t<span class=\"elementor-toggle-icon-closed\"><i class=\"fas fa-caret-right\"><\/i><\/span>\n\t\t\t\t\t\t\t\t<span class=\"elementor-toggle-icon-opened\"><i class=\"elementor-toggle-icon-opened fas fa-caret-up\"><\/i><\/span>\n\t\t\t\t\t\t\t\t\t\t\t\t\t<\/span>\n\t\t\t\t\t\t\t\t\t\t\t\t<a class=\"elementor-toggle-title\" tabindex=\"0\">Informativa Privacy e Cookie<\/a>\n\t\t\t\t\t<\/div>\n\n\t\t\t\t\t<div id=\"elementor-tab-content-1971\" class=\"elementor-tab-content elementor-clearfix\" data-tab=\"1\" role=\"region\" aria-labelledby=\"elementor-tab-title-1971\"><p><strong>Definizioni<\/strong><\/p><p>I cookie sono brevi frammenti di testo (lettere e\/o numeri) che permettono al server web di memorizzare sul client (il browser) informazioni da riutilizzare nel corso della medesima visita al sito (cookie di sessione) o in seguito, anche a distanza di giorni (cookie persistenti). I cookie vengono memorizzati, in base alle preferenze dell\u2019utente, dal singolo browser sullo specifico dispositivo utilizzato (computer, tablet, smartphone).<\/p><p>Tecnologie similari, come, ad esempio, web beacon, GIF trasparenti e tutte le forme di storage locale introdotte con HTML5, sono utilizzabili per raccogliere informazioni sul comportamento dell\u2019utente e sull\u2019utilizzo dei servizi.<\/p><p>Nel seguito di questo documento faremo riferimento ai cookie e a tutte le tecnologie similari utilizzando semplicemente il termine \u201ccookie\u201d.<\/p><p><strong>I tipi di cookie utilizzati<\/strong><\/p><p><em>Cookie indispensabili<\/em><\/p><p>Questi cookie sono essenziali al fine di consentire di spostarsi in tutto il sito ed utilizzare a pieno le sue caratteristiche, come ad esempio accedere alle varie aree protette del sito. Senza questi cookie alcuni servizi necessari, come la compilazione di un form di contatto, non possono essere fruiti.<\/p><p><em>Cookie di funzionalit\u00e0<\/em><\/p><p>I cookie consentono al sito di ricordare le scelte fatte dall\u2019utente (come la lingua o la regione di provenienza) e forniscono funzionalit\u00e0 avanzate personalizzate. Questi cookie possono essere utilizzati anche per ricordare le modifiche apportate alla dimensione del testo, font ed altre parti di pagine web che \u00e8 possibile personalizzare. Essi possono anche essere utilizzati per fornire servizi che hai chiesto come guardare un video o i commenti su un blog. Le informazioni raccolte da questi tipi di cookie sono rese anonime e non in grado di monitorare la vostra attivit\u00e0 di navigazione su altri siti web.<\/p><p><em>Cookie di terze parti e di performance<\/em><\/p><p>I cookie di performance raccolgono informazioni su come gli utenti utilizzano un sito web, ad esempio, quali sono le pagine piu\u0300 visitare, se si ricevono messaggi di errore da pagine web. Questi cookie non raccolgono informazioni che identificano un visitatore. Tutte le informazioni raccolte tramite cookie sono aggregate e quindi anonime. Vengono utilizzati solo per migliorare il funzionamento di un sito web.<\/p><p>Visitando un sito web si possono ricevere cookie sia dal sito visitato (\u201cproprietari\u201d), sia da siti gestiti da altre organizzazioni (\u201cterze parti\u201d). Un esempio notevole e\u0300 rappresentato dalla presenza dei \u201csocial plugin\u201d per Facebook, Twitter, Google+ e LinkedIn. Si tratta di parti della pagina visitata generate direttamente dai suddetti siti ed integrati nella pagina del sito ospitante. L\u2019utilizzo piu\u0300 comune dei social plugin e\u0300 finalizzato alla condivisione dei contenuti sui social network.<\/p><p>La presenza di questi plugin comporta la trasmissione di cookie da e verso tutti i siti gestiti da terze parti. La gestione delle informazioni raccolte da \u201cterze parti\u201d e\u0300 disciplinata dalle relative informative cui si prega di fare riferimento. Per garantire una maggiore trasparenza e comodita\u0300, si riportano qui di seguito gli indirizzi web delle diverse informative e delle modalita\u0300 per la gestione dei cookie.<\/p><p><strong>Google Analytics<\/strong><\/p><p>Questo sito include anche talune componenti trasmesse da Google Analytics, un servizio di analisi del Google, Inc. (\u201cGoogle\u201d). Anche in questo caso si tratta di cookie di terze parti raccolti e gestiti in modo anonimo per monitorare e migliorare le prestazioni del sito ospite (performance cookie).<\/p><p>Google Analytics utilizza i \u201ccookie\u201d per raccogliere e analizzare in forma anonima le informazioni sui comportamenti di utilizzo del sito (compreso l\u2019indirizzo IP dell\u2019utente. Questo sito non utilizza (e non consente a terzi di utilizzare) lo strumento di analisi di Google per monitorare o per raccogliere informazioni personali di identificazione. Google non associa l\u2019indirizzo IP a nessun altro dato posseduto da Google ne\u0301 cerca di collegare un indirizzo IP con l\u2019identita\u0300 di un utente. Google puo\u0300 anche comunicare queste informazioni a terzi ove cio\u0300 sia imposto dalla legge o laddove tali terzi trattino le suddette informazioni per conto di Google. Per ulteriori informazioni, si rinvia al link di seguito indicato:<\/p><p>https:\/\/www.google.it\/policies\/privacy\/partners\/<\/p><p>L\u2019utente puo\u0300 disabilitare in modo selettivo l\u2019azione di Google Analytics installando sul proprio browser la componente di opt- out fornito da Google. Per disabilitare l\u2019azione di Google Analytics, si rinvia al link di seguito indicato: https:\/\/tools.google.com\/dlpage\/gaoptout<\/p><p><strong>Durata dei cookie<\/strong><\/p><p>Alcuni cookie (cookie di sessione) restano attivi solo fino alla chiusura del browser o all\u2019esecuzione del comando di logout. Altri cookie \u201csopravvivono\u201d alla chiusura del browser e sono disponibili anche in successive visite dell\u2019utente.<\/p><p>Questi cookie sono detti persistenti e la loro durata e\u0300 fissata dal server al momento della loro creazione. In alcuni casi e\u0300 fissata una scadenza, in altri casi la durata e\u0300 illimitata.<\/p><p>Tuttavia, navigando sulle pagine di questo sito, si puo\u0300 interagire con siti gestiti da terze parti che possono creare o modificare cookie permanenti e di profilazione.<\/p><p><strong>Gestione dei cookie<\/strong><\/p><p>L\u2019utente puo\u0300 decidere se accettare o meno i cookie utilizzando le impostazioni del proprio browser.<\/p><p>Attenzione: la disabilitazione totale o parziale dei cookie tecnici puo\u0300 compromettere l\u2019utilizzo delle funzionalita\u0300 del sito riservate agli utenti registrati. Al contrario, la fruibilita\u0300 dei contenuti pubblici e\u0300 possibile anche disabilitando completamente i cookie.<\/p><p>La disabilitazione dei cookie \u201cterze parti\u201d non pregiudica in alcun modo la navigabilit\u00e0.<\/p><p>L\u2019impostazione pu\u00f2 essere definita in modo specifico per i diversi siti e applicazioni web. Inoltre i migliori browser consentono di definire impostazioni diverse per i cookie \u201cproprietari\u201d e per quelli di \u201cterze parti\u201d.<\/p><p>A titolo di esempio, in Firefox, attraverso il menu Strumenti-&gt;Opzioni -&gt;Privacy, \u00e8 possibile accedere ad un pannello di controllo dove e\u0300 possibile definire se accettare o meno i diversi tipi di cookie e procedere alla loro rimozione.<\/p><p>Chrome: <a href=\"https:\/\/support.google.com\/chrome\/answer\/95647?hl=it\">https:\/\/support.google.com\/chrome\/answer\/95647?hl=it<\/a><\/p><p>Firefox: <a href=\"https:\/\/support.mozilla.org\/it\/kb\/Gestione%20dei%20cookie\">https:\/\/support.mozilla.org\/it\/kb\/Gestione%20dei%20cookie<\/a><\/p><p>Internet Explorer: <a href=\"http:\/\/windows.microsoft.com\/it-it\/windows7\/how-to-manage-cookies-in-internet-explorer-9\">http:\/\/windows.microsoft.com\/it-it\/windows7\/how-to-manage-cookies-in-internet-explorer-9<\/a><\/p><p>Opera: <a href=\"http:\/\/help.opera.com\/Windows\/10.00\/it\/cookies.html\">http:\/\/help.opera.com\/Windows\/10.00\/it\/cookies.html<\/a><\/p><p>Safari: <a href=\"http:\/\/support.apple.com\/kb\/HT1677?viewlocale=it_IT\">http:\/\/support.apple.com\/kb\/HT1677?viewlocale=it_IT<\/a><\/p><p>[wpl_cookie_details]<\/p><\/div>\n\t\t\t\t<\/div>\n\t\t\t\t\t\t\t<div class=\"elementor-toggle-item\">\n\t\t\t\t\t<div id=\"elementor-tab-title-1972\" class=\"elementor-tab-title\" data-tab=\"2\" role=\"button\" aria-controls=\"elementor-tab-content-1972\" aria-expanded=\"false\">\n\t\t\t\t\t\t\t\t\t\t\t\t<span class=\"elementor-toggle-icon elementor-toggle-icon-left\" aria-hidden=\"true\">\n\t\t\t\t\t\t\t\t\t\t\t\t\t\t\t<span class=\"elementor-toggle-icon-closed\"><i class=\"fas fa-caret-right\"><\/i><\/span>\n\t\t\t\t\t\t\t\t<span class=\"elementor-toggle-icon-opened\"><i class=\"elementor-toggle-icon-opened fas fa-caret-up\"><\/i><\/span>\n\t\t\t\t\t\t\t\t\t\t\t\t\t<\/span>\n\t\t\t\t\t\t\t\t\t\t\t\t<a class=\"elementor-toggle-title\" tabindex=\"0\">Informativa trattamento dati personali<\/a>\n\t\t\t\t\t<\/div>\n\n\t\t\t\t\t<div id=\"elementor-tab-content-1972\" class=\"elementor-tab-content elementor-clearfix\" data-tab=\"2\" role=\"region\" aria-labelledby=\"elementor-tab-title-1972\"><p><strong>DOCUMENTO INFORMATIVO ARTICOLO 13 REG. UE 2016\/679- GDPR<\/strong><br \/><strong>INFORMATIVA PER TRATTAMENTO DI DATI PERSONALI RACCOLTI PRESSO L\u2019INTERESSATO<\/strong><\/p><p>Nel rispetto di quanto previsto dal Reg. UE 2016\/679 (Regolamento Europeo per la protezione dei dati personali) Le forniamo le dovute informazioni in ordine al trattamento dei dati personali forniti con l\u2019evasione della sua richiesta. L&#8217;informativa non \u00e8 da considerarsi valida per altri siti web eventualmente consultabili tramite links presenti sui siti internet a dominio del titolare, che non \u00e8 da considerarsi in alcun modo responsabile dei siti internet dei terzi.<br \/>Si tratta di un&#8217;informativa che \u00e8 resa ai sensi dell&#8217;art. 13 del Reg. UE 2016\/679 (Regolamento Europeo per la protezione dei dati personali)<\/p><p><strong>01.SOGGETTI DEL TRATTAMENTO<\/strong><br \/>Il titolare del trattamento, ai sensi degli artt. 4 e 24 del Reg. UE 2016\/679 \u00e8 <strong>CHEMART DI MAURIZIO FOGAZZI &#8211; <\/strong><strong>Via Roma, 37 &#8211; <\/strong><strong>25030 Barbariga (Bs).<\/strong><\/p><p><strong>2.TIPOLOGIA DI DATI TRATTATI<\/strong><br \/>Dato personale qualsiasi informazione riguardante un interessato, con particolare riferimento a un identificativo come il nome, un numero di identificazione, dati relativi all\u2019ubicazione, un identificativo online o a uno o pi\u00f9 elementi caratteristici della sua identit\u00e0 fisica, fisiologica, genetica, psichica, economica, culturale o sociale \u2013 cfr. art. 4, c. 1, n. 1 GDPR.<br \/>La informiamo, ai sensi del Regolamento UE 2016\/679, regolamento generale sulla protezione dei dati, che i dati personali da Lei forniti ovvero altrimenti acquisiti dalla medesima nel rispetto delle disposizioni legislative vigenti, potranno formare oggetto di trattamento, nel rispetto della normativa sopra richiamata e degli obblighi di riservatezza.<br \/>Resta inteso che <strong>CHEMART DI MAURIZIO FOGAZZI<\/strong>\u00a0potr\u00e0, qualora vengano da te forniti (qualora dovessi decidere di inserirli nel form di richiesta di contatto) e previa tua autorizzazione, trattare i tuoi dati relativi allo stato di salute<br \/>Per trattamento di dati personali deve intendersi: &#8220;qualunque operazione o insieme di operazioni, compiute con o senza l&#8217;ausilio di processi automatizzati e applicate a dati personali o insieme di dati personali, come la raccolta, la registrazione, l&#8217;organizzazione, la strutturazione, la conservazione, l\u2019adattamento o la modifica, l&#8217;estrazione, la consultazione, l\u2019uso, la comunicazione mediante trasmissione, diffusione o qualsiasi altra forma di messa a disposizione, il raffronto o l&#8217;interconnessione, la limitazione, la cancellazione o la distruzione&#8221;.<br \/>Per interessato deve intendersi: \u201cpersona fisica identificata o identificabile\u201d.<\/p><p><strong>3.FINALIT\u00c0 E BASE GIURIDICA DEL TRATTAMENTO<\/strong><br \/>I dati di natura personale forniti, saranno trattati nel rispetto delle condizioni di liceit\u00e0 ex art. 6) lett. f) Regolamento UE 2016\/679 per le seguenti finalit\u00e0:<br \/>fornire riscontro alla richiesta di informazioni da Lei inviata.<br \/>Il trattamento dati si basa sull\u2019articolo 6, paragrafo 1, lettera f): (considerando 47), tenuto conto delle ragionevoli aspettative nutrite dall\u2019interessato al momento e nell\u2019ambito della raccolta dei dati personali, quando l\u2019interessato possa ragionevolmente attendersi che abbia luogo un trattamento a tal fine.<\/p><p><strong>4. DESTINATARI O CATEGORIE DI DESTINATARI DEI DATI<\/strong><br \/>I dati di natura personale forniti saranno comunicati a destinatari, che tratteranno i dati in qualit\u00e0 di responsabili (art. 28 del Reg. UE 2016\/679) e\/o in qualit\u00e0 di persone fisiche che agiscono sotto l\u2019autorit\u00e0 del Titolare e del Responsabile (art. 29 del Reg. UE 2016\/679), per le finalit\u00e0 sopra elencate al punto 3. Precisamente, i dati saranno comunicati a:<br \/>soggetti che forniscono servizi per la gestione del sistema informativo e delle reti di comunicazione (ivi compresa la posta elettronica e siti web);<br \/>autorit\u00e0 competenti per adempimenti di obblighi di legge e\/o di disposizioni di organi pubblici, su richiesta.<br \/>I soggetti appartenenti alle categorie suddette svolgono la funzione di Responsabile del trattamento dei dati, oppure operano in totale autonomia come distinti Titolari del trattamento. L\u2019elenco dei Responsabili del trattamento \u00e8 costantemente aggiornato e disponibile presso <strong>CHEMART DI MAURIZIO FOGAZZI.<\/strong><\/p><p><strong>5. TRASFERIMENTO DEI DATI PERSONALI FUORI DALL\u2019AREA UE<\/strong><br \/>I dati personali non sono trattati fuori dalla Area UE (EEA).<\/p><p><strong>6. PERIODO DI CONSERVAZIONE O CRITERI<\/strong><br \/>Quando dobbiamo raccogliere i tuoi dati personali, ci assicuriamo che siano il pi\u00f9 precisi ed aggiornati possibile. Se i dati personali che raccogliamo non sono pi\u00f9 necessari per alcuna finalit\u00e0 e non siamo tenuti a conservarli per obbligo di legge, faremo tutto quanto possibile per cancellarli, distruggerli o anonimizzarli.<\/p><p><strong>7. NATURA DEL CONFERIMENTO E RIFIUTO<\/strong><br \/>Il conferimento dei dati per la finalit\u00e0 di cui al punto 3. \u00e8 necessario al fine del perseguimento del suo legittimo interesse ossia la legittima aspettativa di ricevere riscontro alla richiesta di informazioni inviata. Il mancato conferimento comporter\u00e0 l\u2019impossibilit\u00e0 di ricevere le informazioni desiderate.<\/p><p><strong>8. I TUOI DIRITTI<\/strong><br \/>Quando trattiamo i tuoi dati personali, diventi titolare di una serie di diritti che puoi esercitare in qualsiasi momento.<br \/>Nel caso volessi cancellare i tuoi dati scrivi una mail a info@chemart.it<\/p><p>Data di aggiornamento: 10 gennaio 2022<\/p><\/div>\n\t\t\t\t<\/div>\n\t\t\t\t\t\t\t\t<\/div>\n\t\t\t\t\t\t<\/div>\n\t\t\t\t<\/div>\n\t\t\t\t\t<\/div>\n\t\t<\/div>\n\t\t\t\t\t<\/div>\n\t\t<\/section>\n\t\t\t\t<\/div>\n\t\t","protected":false},"excerpt":{"rendered":"<p>Privacy policy Il presente sito Web \u00e8 propriet\u00e0 de CHEMART DI MAURIZIO FOGAZZI\u00a0ed utilizza cookies per rendere i propri servizi semplici e efficienti per l\u2019utenza che visiona le pagine di chemart.it. La presente informativa fornisce indicazioni su come sono utilizzati i cookies sul nostro sito web e su come possono essere controllati dall\u2019utente. Questa informativa [&hellip;]<\/p>\n","protected":false},"author":1,"featured_media":0,"parent":0,"menu_order":0,"comment_status":"closed","ping_status":"closed","template":"elementor_theme","meta":{"footnotes":""},"class_list":["post-360","page","type-page","status-publish","hentry"],"_links":{"self":[{"href":"https:\/\/chemart.it\/en\/wp-json\/wp\/v2\/pages\/360","targetHints":{"allow":["GET"]}}],"collection":[{"href":"https:\/\/chemart.it\/en\/wp-json\/wp\/v2\/pages"}],"about":[{"href":"https:\/\/chemart.it\/en\/wp-json\/wp\/v2\/types\/page"}],"author":[{"embeddable":true,"href":"https:\/\/chemart.it\/en\/wp-json\/wp\/v2\/users\/1"}],"replies":[{"embeddable":true,"href":"https:\/\/chemart.it\/en\/wp-json\/wp\/v2\/comments?post=360"}],"version-history":[{"count":16,"href":"https:\/\/chemart.it\/en\/wp-json\/wp\/v2\/pages\/360\/revisions"}],"predecessor-version":[{"id":561,"href":"https:\/\/chemart.it\/en\/wp-json\/wp\/v2\/pages\/360\/revisions\/561"}],"wp:attachment":[{"href":"https:\/\/chemart.it\/en\/wp-json\/wp\/v2\/media?parent=360"}],"curies":[{"name":"wp","href":"https:\/\/api.w.org\/{rel}","templated":true}]}}